{"id":632,"date":"2016-02-29T16:08:21","date_gmt":"2016-02-29T16:08:21","guid":{"rendered":"https:\/\/poolofdreams.eu\/home-main\/?lang=de"},"modified":"2019-04-19T12:48:14","modified_gmt":"2019-04-19T10:48:14","slug":"home-main","status":"publish","type":"page","link":"https:\/\/poolofdreams.eu\/de\/","title":{"rendered":"Home"},"content":{"rendered":"<p>[vc_row row_type=&#8221;row&#8221; use_row_as_full_screen_section=&#8221;no&#8221; type=&#8221;full_width&#8221; text_align=&#8221;left&#8221; background_animation=&#8221;none&#8221; css_animation=&#8221;&#8221; css=&#8221;.vc_custom_1458818136769{padding-top: 2% !important;}&#8221;][vc_column]<div class='qode_carousels_holder clearfix with_space hover_overlay'><div class='qode_carousels ' data-number_of_items = 4><ul class='slides'>Sorry, no posts matched your criteria.<\/ul><\/div><\/div>[\/vc_column][\/vc_row][vc_row row_type=&#8221;row&#8221; use_row_as_full_screen_section=&#8221;no&#8221; type=&#8221;grid&#8221; text_align=&#8221;center&#8221; background_animation=&#8221;none&#8221; css_animation=&#8221;&#8221; css=&#8221;.vc_custom_1456931316655{padding-top: 116px !important;padding-bottom: 72px !important;}&#8221;][vc_column offset=&#8221;vc_col-lg-4 vc_col-md-4&#8243;][vc_column_text]<\/p>\n<h2>Hersteller<\/h2>\n<p>[\/vc_column_text][vc_empty_space height=&#8221;20px&#8221;][vc_single_image image=&#8221;731&#8243; img_size=&#8221;medium&#8221; alignment=&#8221;center&#8221; qode_css_animation=&#8221;&#8221;][vc_empty_space height=&#8221;20px&#8221;][vc_column_text]Ein Swimmingpool bietet Ihnen die perfekte. <strong>Unser Vorteil ist die Sicherheit sowie eine au\u00dfergew\u00f6hnliche Detailgenauigkeit und Pr\u00e4zision unserer Produkte.<\/strong>[\/vc_column_text][vc_empty_space height=&#8221;40px&#8221;][\/vc_column][vc_column offset=&#8221;vc_col-lg-4 vc_col-md-4&#8243;][vc_column_text]<\/p>\n<h2>H\u00f6chste Qualit\u00e4t<\/h2>\n<p>[\/vc_column_text][vc_empty_space height=&#8221;20px&#8221;][vc_single_image image=&#8221;754&#8243; img_size=&#8221;medium&#8221; alignment=&#8221;center&#8221; qode_css_animation=&#8221;&#8221;][vc_empty_space height=&#8221;20px&#8221;][vc_column_text]<strong>Dank unserer langj\u00e4hrigen Branchenerfahrung in Sachen Produktion, Transport und Montage k\u00f6nnen wir Ihnen garantieren, dass unsere Produkte von h\u00f6chster Qualit\u00e4t sind. \u00a0<\/strong>An erster Stelle stellen wir die Zufriedenheit unserer Kunden.[\/vc_column_text][vc_empty_space height=&#8221;40px&#8221;][\/vc_column][vc_column offset=&#8221;vc_col-lg-4 vc_col-md-4&#8243;][vc_column_text]<\/p>\n<h2>Nachgarantieservice<\/h2>\n<p>[\/vc_column_text][vc_empty_space height=&#8221;20px&#8221;][vc_single_image image=&#8221;726&#8243; img_size=&#8221;medium&#8221; alignment=&#8221;center&#8221; qode_css_animation=&#8221;&#8221;][vc_empty_space height=&#8221;20px&#8221;][vc_column_text]Wir bieten den Verkauf von allerlei Swimmingpool-Chemie sowie Ersatztellen. <strong>Wir verf\u00fcgen \u00fcber ein Team von Servicetechnikern, welches landsweit unsere Obiekte wartet.<\/strong>[\/vc_column_text][vc_empty_space height=&#8221;40px&#8221;][\/vc_column][\/vc_row][vc_row row_type=&#8221;row&#8221; use_row_as_full_screen_section=&#8221;no&#8221; type=&#8221;full_width&#8221; text_align=&#8221;left&#8221; background_animation=&#8221;none&#8221; css_animation=&#8221;&#8221;][vc_column][qode_elements_holder number_of_columns=&#8221;two_columns&#8221;][qode_elements_holder_item item_padding=&#8221;5% 17% 5% 15%&#8221; item_padding_1280_1600=&#8221;5% 17% 5% 15%&#8221; item_padding_1024_1280=&#8221;5% 7%&#8221; item_padding_768_1024=&#8221;5% 7%&#8221; item_padding_600_768=&#8221;5% 7%&#8221; item_padding_480_600=&#8221;10% 7%&#8221; item_padding_480=&#8221;10% 7%&#8221;][vc_column_text]<\/p>\n<h2>Qualitativ hochwertige Swimmingpools zu vern\u00fcnftigen Preisen<\/h2>\n<p>[\/vc_column_text][vc_empty_space height=&#8221;22px&#8221;][vc_column_text]<strong>Unsere Swimmingpools sind Produkte der Qualitativen Extraklasse. Sie sind optimal nivelliert, was eine Schl\u00fcsselrolle bei der Montage in Ihrem Garten spielt.<\/strong> Ein am Haus gelegenes Schwimmbecken ist das Obiekt der Begierde eines jeden, der die Vorz\u00fcge des Besitzes eines Ortes an dem man sich an hei\u00dfen Sommertagen zusammen mit seiner Familie oder im Frendeskreis abk\u00fchlen und entspannen kann.[\/vc_column_text][vc_empty_space height=&#8221;45px&#8221;]<a href=\"https:\/\/poolofdreams.eu\/de\/pools\" target=\"_self\"  class=\"qbutton  large\" style=\"\">Zum angebot<\/a>[\/qode_elements_holder_item][qode_elements_holder_item background_image=&#8221;428&#8243; item_padding=&#8221;11% 0&#8243; item_padding_1280_1600=&#8221;11% 0&#8243; item_padding_1024_1280=&#8221;13% 0&#8243; item_padding_768_1024=&#8221;13% 0&#8243;][vc_empty_space height=&#8221;300px&#8221;][\/qode_elements_holder_item][\/qode_elements_holder][\/vc_column][\/vc_row][vc_row row_type=&#8221;row&#8221; use_row_as_full_screen_section=&#8221;no&#8221; type=&#8221;full_width&#8221; text_align=&#8221;left&#8221; background_color=&#8221;#f3f3f3&#8243; background_animation=&#8221;none&#8221; css_animation=&#8221;&#8221; css=&#8221;.vc_custom_1456931193280{padding-top: 115px !important;padding-bottom: 115px !important;}&#8221;][vc_column]<div class='qode_carousels_holder clearfix hover_second_image'><div class='qode_carousels ' data-number_of_items = 5><ul class='slides'><li class='item'><div class=\"carousel_item_holder\"><span class='first_image_holder has_hover_image'><img src='https:\/\/poolofdreams.eu\/wp-content\/uploads\/2019\/04\/Client-H1-2.png' alt='1 DE'><\/span><span class='second_image_holder has_hover_image'><img src='https:\/\/poolofdreams.eu\/wp-content\/uploads\/2019\/04\/Client-H1.png' alt='1 DE'><\/span><\/div><\/li><li class='item'><div class=\"carousel_item_holder\"><span class='first_image_holder has_hover_image'><img src='https:\/\/poolofdreams.eu\/wp-content\/uploads\/2019\/04\/Client-H2-2.png' alt='2 DE'><\/span><span class='second_image_holder has_hover_image'><img src='https:\/\/poolofdreams.eu\/wp-content\/uploads\/2019\/04\/Client-H2.png' alt='2 DE'><\/span><\/div><\/li><li class='item'><div class=\"carousel_item_holder\"><span class='first_image_holder has_hover_image'><img src='https:\/\/poolofdreams.eu\/wp-content\/uploads\/2019\/04\/Client-H3-2.png' alt='3 DE'><\/span><span class='second_image_holder has_hover_image'><img src='https:\/\/poolofdreams.eu\/wp-content\/uploads\/2019\/04\/Client-H3.png' alt='3 DE'><\/span><\/div><\/li><li class='item'><div class=\"carousel_item_holder\"><span class='first_image_holder has_hover_image'><img src='https:\/\/poolofdreams.eu\/wp-content\/uploads\/2019\/04\/Client-H4-2.png' alt='4 DE'><\/span><span class='second_image_holder has_hover_image'><img src='https:\/\/poolofdreams.eu\/wp-content\/uploads\/2019\/04\/Client-H4.png' alt='4 DE'><\/span><\/div><\/li><li class='item'><div class=\"carousel_item_holder\"><span class='first_image_holder has_hover_image'><img src='https:\/\/poolofdreams.eu\/wp-content\/uploads\/2019\/04\/Client-H5-2.png' alt='5 DE'><\/span><span class='second_image_holder has_hover_image'><img src='https:\/\/poolofdreams.eu\/wp-content\/uploads\/2019\/04\/Client-H5.png' alt='5 DE'><\/span><\/div><\/li><li class='item'><div class=\"carousel_item_holder\"><span class='first_image_holder has_hover_image'><img src='https:\/\/poolofdreams.eu\/wp-content\/uploads\/2019\/04\/Client-H6-2.png' alt='6 DE'><\/span><span class='second_image_holder has_hover_image'><img src='https:\/\/poolofdreams.eu\/wp-content\/uploads\/2019\/04\/Client-H6.png' alt='6 DE'><\/span><\/div><\/li><\/ul><\/div><\/div>[\/vc_column][\/vc_row]<\/p>\n","protected":false},"excerpt":{"rendered":"<p>[vc_row row_type=&#8221;row&#8221; use_row_as_full_screen_section=&#8221;no&#8221; type=&#8221;full_width&#8221; text_align=&#8221;left&#8221; background_animation=&#8221;none&#8221; css_animation=&#8221;&#8221; css=&#8221;.vc_custom_1458818136769{padding-top: 2% !important;}&#8221;][vc_column][\/vc_column][\/vc_row][vc_row row_type=&#8221;row&#8221; use_row_as_full_screen_section=&#8221;no&#8221; type=&#8221;grid&#8221; text_align=&#8221;center&#8221; background_animation=&#8221;none&#8221; css_animation=&#8221;&#8221; css=&#8221;.vc_custom_1456931316655{padding-top: 116px !important;padding-bottom: 72px !important;}&#8221;][vc_column offset=&#8221;vc_col-lg-4 vc_col-md-4&#8243;][vc_column_text] Hersteller [\/vc_column_text][vc_empty_space height=&#8221;20px&#8221;][vc_single_image image=&#8221;731&#8243; img_size=&#8221;medium&#8221; alignment=&#8221;center&#8221; qode_css_animation=&#8221;&#8221;][vc_empty_space height=&#8221;20px&#8221;][vc_column_text]Ein Swimmingpool bietet Ihnen die perfekte. Unser Vorteil ist die Sicherheit sowie eine au\u00dfergew\u00f6hnliche Detailgenauigkeit&#8230;<\/p>\n","protected":false},"author":1,"featured_media":0,"parent":0,"menu_order":0,"comment_status":"closed","ping_status":"closed","template":"full_width.php","meta":[],"aioseo_notices":[],"_links":{"self":[{"href":"https:\/\/poolofdreams.eu\/de\/wp-json\/wp\/v2\/pages\/632"}],"collection":[{"href":"https:\/\/poolofdreams.eu\/de\/wp-json\/wp\/v2\/pages"}],"about":[{"href":"https:\/\/poolofdreams.eu\/de\/wp-json\/wp\/v2\/types\/page"}],"author":[{"embeddable":true,"href":"https:\/\/poolofdreams.eu\/de\/wp-json\/wp\/v2\/users\/1"}],"replies":[{"embeddable":true,"href":"https:\/\/poolofdreams.eu\/de\/wp-json\/wp\/v2\/comments?post=632"}],"version-history":[{"count":12,"href":"https:\/\/poolofdreams.eu\/de\/wp-json\/wp\/v2\/pages\/632\/revisions"}],"predecessor-version":[{"id":755,"href":"https:\/\/poolofdreams.eu\/de\/wp-json\/wp\/v2\/pages\/632\/revisions\/755"}],"wp:attachment":[{"href":"https:\/\/poolofdreams.eu\/de\/wp-json\/wp\/v2\/media?parent=632"}],"curies":[{"name":"wp","href":"https:\/\/api.w.org\/{rel}","templated":true}]}}