{"id":636,"date":"2019-01-18T11:30:28","date_gmt":"2019-01-18T10:30:28","guid":{"rendered":"https:\/\/poolofdreams.eu\/baseny\/?lang=de"},"modified":"2024-02-01T09:48:12","modified_gmt":"2024-02-01T08:48:12","slug":"pools","status":"publish","type":"page","link":"https:\/\/poolofdreams.eu\/de\/pools\/","title":{"rendered":"Pools"},"content":{"rendered":"<p>[vc_row row_type=&#8221;row&#8221; use_row_as_full_screen_section=&#8221;no&#8221; type=&#8221;grid&#8221; text_align=&#8221;center&#8221; background_animation=&#8221;none&#8221; css_animation=&#8221;&#8221; css=&#8221;.vc_custom_1550137148152{padding-top: 116px !important;padding-bottom: 72px !important;}&#8221;][vc_column offset=&#8221;vc_col-lg-4 vc_col-md-4&#8243; css=&#8221;.vc_custom_1550137090033{padding-right: 20px !important;padding-left: 20px !important;}&#8221;][vc_column_text]<\/p>\n<h2>3 Poolarten<\/h2>\n<p>[\/vc_column_text][vc_empty_space height=&#8221;16px&#8221;][vc_column_text]Ein Swimmingpool ist der ideale Platz um aktiv und zugleich entspannend seine Freizeit zu verbringen. <strong>Der Vorteil unserer Pools ist deren sichere Konstruktion sowie unsre Liebe zum Detail und Pr\u00e4zision bei der Fertigstellung.<\/strong>[\/vc_column_text][vc_empty_space height=&#8221;40px&#8221;][\/vc_column][vc_column offset=&#8221;vc_col-lg-4 vc_col-md-4&#8243; css=&#8221;.vc_custom_1550137096677{padding-right: 20px !important;padding-left: 20px !important;}&#8221;][vc_column_text]<\/p>\n<h2>Schnelle Montage<\/h2>\n<p>[\/vc_column_text][vc_empty_space height=&#8221;16px&#8221;][vc_column_text]<strong>Dank unserer langj\u00e4hrigen Branchenerfahrung in Sachen Produktion, Transport und Montage k\u00f6nnen wir Ihnen garantieren<\/strong>, dass unsere Swimmingpools von h\u00f6chster Qualit\u00e4t unserer Pools zur Zufriedenheit unserer Kunden f\u00fchrt.[\/vc_column_text][vc_empty_space height=&#8221;40px&#8221;][\/vc_column][vc_column offset=&#8221;vc_col-lg-4 vc_col-md-4&#8243; css=&#8221;.vc_custom_1550137103256{padding-right: 20px !important;padding-left: 20px !important;}&#8221;][vc_column_text]<\/p>\n<h2>Komplettausstattung<\/h2>\n<p>[\/vc_column_text][vc_empty_space height=&#8221;16px&#8221;][vc_column_text]Wir bieten Ihnen sowohl die n\u00f6tige <strong>Swimmingpool-Chemie als auch Ersatzteile an<\/strong>. Unser spezialisiertes Service-Team wartet landesweit Produkte unserer Marke.[\/vc_column_text][vc_empty_space height=&#8221;40px&#8221;][\/vc_column][\/vc_row][vc_row row_type=&#8221;row&#8221; use_row_as_full_screen_section=&#8221;no&#8221; type=&#8221;full_width&#8221; text_align=&#8221;left&#8221; background_animation=&#8221;none&#8221; css_animation=&#8221;&#8221;][vc_column][qode_elements_holder number_of_columns=&#8221;two_columns&#8221;][qode_elements_holder_item item_padding=&#8221;5% 17% 5% 15%&#8221; item_padding_1280_1600=&#8221;5% 17% 5% 15%&#8221; item_padding_1024_1280=&#8221;5% 7%&#8221; item_padding_768_1024=&#8221;5% 7%&#8221; item_padding_600_768=&#8221;5% 7%&#8221; item_padding_480_600=&#8221;10% 7%&#8221; item_padding_480=&#8221;10% 7%&#8221;][vc_column_text]<\/p>\n<h2>Komplett ausgestattete Swimmingpools<\/h2>\n<p>[\/vc_column_text][vc_empty_space height=&#8221;22px&#8221;][vc_column_text]<strong>Wir bieten Ihnen einen komplexen Kundendienst an \u2013 von der Beratung, \u00fcber den Verkauf und Poolservice, bin hin zur Wartung unserer Produkte. <\/strong>Unser f\u00fchrender Gedanke ist die Gew\u00e4hrleistung von kompletten Swimmingpools, die all Ihre Anforderungen erf\u00fcllen.[\/vc_column_text][vc_empty_space height=&#8221;45px&#8221;]<a href=\"#oferta\" target=\"_self\"  class=\"qbutton  large\" style=\"\">Zum Angebot<\/a>[\/qode_elements_holder_item][qode_elements_holder_item background_image=&#8221;776&#8243; item_padding=&#8221;11% 0&#8243; item_padding_1280_1600=&#8221;11% 0&#8243; item_padding_1024_1280=&#8221;13% 0&#8243; item_padding_768_1024=&#8221;13% 0&#8243;][vc_empty_space height=&#8221;300px&#8221;][\/qode_elements_holder_item][\/qode_elements_holder][vc_empty_space][\/vc_column][\/vc_row][vc_row row_type=&#8221;row&#8221; use_row_as_full_screen_section=&#8221;no&#8221; type=&#8221;full_width&#8221; text_align=&#8221;left&#8221; background_animation=&#8221;none&#8221; css_animation=&#8221;&#8221;][vc_column][vc_column_text]<\/p>\n<p>[\/vc_column_text][\/vc_column][\/vc_row][vc_row row_type=&#8221;row&#8221; use_row_as_full_screen_section=&#8221;no&#8221; type=&#8221;grid&#8221; anchor=&#8221;oferta&#8221; text_align=&#8221;center&#8221; background_animation=&#8221;none&#8221; css_animation=&#8221;&#8221; css=&#8221;.vc_custom_1550060325906{padding-top: 78px !important;padding-bottom: 47px !important;}&#8221;][vc_column offset=&#8221;vc_col-md-4&#8243;][vc_row_inner row_type=&#8221;row&#8221; type=&#8221;full_width&#8221; use_row_as_full_screen_section_slide=&#8221;no&#8221; text_align=&#8221;center&#8221; css_animation=&#8221;element_from_bottom&#8221; transition_delay=&#8221;0&#8243;][vc_column_inner][vc_column_text]<\/p>\n<h2>Polyester 6,1 X 3,0 M<\/h2>\n<p>[\/vc_column_text][vc_empty_space height=&#8221;40px&#8221;][vc_single_image image=&#8221;386&#8243; img_size=&#8221;full&#8221; alignment=&#8221;center&#8221; qode_css_animation=&#8221;&#8221;][vc_single_image image=&#8221;453&#8243; img_size=&#8221;full&#8221; qode_css_animation=&#8221;&#8221;][vc_empty_space height=&#8221;25px&#8221;][vc_column_text]<\/p>\n<ul>\n<li style=\"text-align: left;\">Polyester-Swimmingpool 6.10 x 3.00 x 1.50<\/li>\n<li style=\"text-align: left;\">Pool Skimmer<\/li>\n<li style=\"text-align: left;\">Einlaufd\u00fcse (2x)<\/li>\n<li style=\"text-align: left;\">Antirutschbeschichtung auf den Treppen<\/li>\n<li style=\"text-align: left;\">Sandfilter mit Pumpe und Stromtrennschalter<\/li>\n<li style=\"text-align: left;\">Ausschneiden und Montage der Elemente im Becken<\/li>\n<li style=\"text-align: left;\">PCV-Set zum Anschlei\u00dfen des Pools<\/li>\n<\/ul>\n<p>[\/vc_column_text][\/vc_column_inner][\/vc_row_inner][vc_empty_space height=&#8221;40px&#8221;][\/vc_column][vc_column offset=&#8221;vc_col-md-4&#8243;][vc_row_inner row_type=&#8221;row&#8221; type=&#8221;full_width&#8221; use_row_as_full_screen_section_slide=&#8221;no&#8221; text_align=&#8221;center&#8221; css_animation=&#8221;element_from_bottom&#8221; transition_delay=&#8221;150&#8243;][vc_column_inner][vc_column_text]<\/p>\n<h2>Polyester+ 7,0 X 3,0 M<\/h2>\n<p>[\/vc_column_text][vc_empty_space height=&#8221;40px&#8221;][vc_single_image image=&#8221;398&#8243; img_size=&#8221;full&#8221; alignment=&#8221;center&#8221; qode_css_animation=&#8221;&#8221;][vc_single_image image=&#8221;453&#8243; img_size=&#8221;full&#8221; qode_css_animation=&#8221;&#8221;][vc_empty_space height=&#8221;25px&#8221;][vc_column_text]<\/p>\n<ul>\n<li style=\"text-align: left;\">Polyester-Swimmingpool 7.00 x 3.00 x 1.50<\/li>\n<li style=\"text-align: left;\">Pool Skimmer<\/li>\n<li style=\"text-align: left;\">Einlaufd\u00fcse (2x)<\/li>\n<li style=\"text-align: left;\">Antirutschbeschichtung auf den Treppen<\/li>\n<li style=\"text-align: left;\">Sandfilter mit Pumpe und Stromtrennschalter<\/li>\n<li style=\"text-align: left;\">Ausschneiden und Montage der Elemente im Becken<\/li>\n<li style=\"text-align: left;\">PCV-Set zum Anschlei\u00dfen des Pools<\/li>\n<\/ul>\n<p>[\/vc_column_text][\/vc_column_inner][\/vc_row_inner][vc_empty_space height=&#8221;40px&#8221;][\/vc_column][vc_column offset=&#8221;vc_col-md-4&#8243;][vc_row_inner row_type=&#8221;row&#8221; type=&#8221;full_width&#8221; use_row_as_full_screen_section_slide=&#8221;no&#8221; text_align=&#8221;center&#8221; css_animation=&#8221;element_from_bottom&#8221; transition_delay=&#8221;300&#8243;][vc_column_inner][vc_column_text]<\/p>\n<h2>Terrassenbad<\/h2>\n<p>[\/vc_column_text][vc_empty_space height=&#8221;40px&#8221;][vc_single_image image=&#8221;388&#8243; img_size=&#8221;full&#8221; alignment=&#8221;center&#8221; qode_css_animation=&#8221;&#8221;][vc_single_image image=&#8221;447&#8243; img_size=&#8221;full&#8221; qode_css_animation=&#8221;&#8221;][vc_empty_space height=&#8221;25px&#8221;][vc_column_text]<\/p>\n<ul>\n<li style=\"text-align: left;\">Achteckiges Terrassenbad mit einer Seitenl\u00e4nge von 80cm<\/li>\n<li style=\"text-align: left;\">Pool Skimmer<\/li>\n<li style=\"text-align: left;\">Einlaufd\u00fcse (3x)<\/li>\n<li style=\"text-align: left;\">Eingebaute Sitzpl\u00e4tze<\/li>\n<li style=\"text-align: left;\">Sandfilter mit Pumpe und Stromtrennschalter<\/li>\n<li style=\"text-align: left;\">Ausschneiden und Montage der Elemente im Becken<\/li>\n<li style=\"text-align: left;\">PCV-Set zum Anschlei\u00dfen des Pools<\/li>\n<\/ul>\n<p>[\/vc_column_text][\/vc_column_inner][\/vc_row_inner][vc_empty_space height=&#8221;40px&#8221;][\/vc_column][\/vc_row][vc_row row_type=&#8221;row&#8221; use_row_as_full_screen_section=&#8221;no&#8221; type=&#8221;grid&#8221; text_align=&#8221;center&#8221; background_color=&#8221;#f9f9f9&#8243; background_animation=&#8221;none&#8221; css_animation=&#8221;&#8221; css=&#8221;.vc_custom_1555589673564{padding-top: 72px !important;padding-bottom: 94px !important;}&#8221; el_class=&#8221;xct&#8221;][vc_column][vc_column_text]<\/p>\n<h2>Swimmingpools und Terassenbad<\/h2>\n<p>[\/vc_column_text][vc_empty_space height=&#8221;50px&#8221;][qode_pricing_tables columns=&#8221;three_columns&#8221;][qode_pricing_table title=&#8221;Polyester 6,1 X 3,0 M&#8221; price_font_weight=&#8221;&#8221; active=&#8221;no&#8221; button_text=&#8221;Fordern Sie ein Angebot an&#8221; title_background_color=&#8221;#1b5db5&#8243; button_background_color=&#8221;#26b6ff&#8221; link=&#8221;#&#8221;]<\/p>\n<ul>\n<li><strong>6.10<\/strong> <strong>x 3.00 x 1.50 m<\/strong><\/li>\n<li>inklusive Treppen<\/li>\n<li>2 Sitzpl\u00e4tze<\/li>\n<li>PVC-Set zum Anschlie\u00dfen des Pools<\/li>\n<li><strong>Montagebereit<\/strong><\/li>\n<\/ul>\n<p>[\/qode_pricing_table][qode_pricing_table title=&#8221;Polyester+ 7.0 x 3.0 m&#8221; price_font_weight=&#8221;&#8221; active=&#8221;no&#8221; price=&#8221;bez cen&#8221; button_text=&#8221;Fordern Sie ein Angebot an&#8221; title_background_color=&#8221;#1b5db5&#8243; button_background_color=&#8221;#26b6ff&#8221; currency=&#8221;PLN.&#8221; price_period=&#8221;brutto&#8221; link=&#8221;#&#8221;]<\/p>\n<ul>\n<li><strong>7.00<\/strong> <strong>x 3.00 x 1.50 m<\/strong><\/li>\n<li>inklusive Treppen<\/li>\n<li>2 Sitzpl\u00e4tze<\/li>\n<li>PVC-Set zum Anschlie\u00dfen des Pools<\/li>\n<li><strong>Montagebereit<\/strong><\/li>\n<\/ul>\n<p>[\/qode_pricing_table][qode_pricing_table title=&#8221;Terassenbad&#8221; price_font_weight=&#8221;&#8221; active=&#8221;no&#8221; price=&#8221;bez cen&#8221; button_text=&#8221;Fordern Sie ein Angebot an&#8221; title_background_color=&#8221;#1b5db5&#8243; button_background_color=&#8221;#26b6ff&#8221; currency=&#8221;PLN.&#8221; price_period=&#8221;brutto&#8221; link=&#8221;#&#8221;]<\/p>\n<ul>\n<li><strong>Achteck mit 1 Seitenl\u00e4nge von 80cm<\/strong><\/li>\n<li>7 Sitzpl\u00e4tze<\/li>\n<li>PVC-Set zum Anschlie\u00dfen des Pools<\/li>\n<li><strong>Montagebereit<\/strong><\/li>\n<\/ul>\n<p>[\/qode_pricing_table][\/qode_pricing_tables][vc_column_text css=&#8221;.vc_custom_1560945607607{margin-top: 80px !important;}&#8221;]<\/p>\n<h2 style=\"text-align: center;\">oder rufen Sie uns an\u00a0<span style=\"color: #26b6ff;\"><a style=\"color: #26b6ff;\" href=\"tel:+4901736720667\">+49 01736720667<\/a><\/span><\/h2>\n<p>[\/vc_column_text][\/vc_column][\/vc_row][vc_row row_type=&#8221;row&#8221; use_row_as_full_screen_section=&#8221;no&#8221; type=&#8221;full_width&#8221; text_align=&#8221;left&#8221; background_animation=&#8221;none&#8221; css_animation=&#8221;&#8221; css=&#8221;.vc_custom_1458818136769{padding-top: 2% !important;}&#8221;][vc_column]<div class='qode_carousels_holder clearfix with_space hover_overlay'><div class='qode_carousels ' data-number_of_items = 4><ul class='slides'><li class='item'><div class=\"carousel_item_holder\"><a class='prettyphoto' href='https:\/\/poolofdreams.eu\/wp-content\/uploads\/2019\/01\/DSC_3185-2-1.jpg' data-rel=\"prettyPhoto[rel-636-340334546]\"><span class='first_image_holder '><img src='https:\/\/poolofdreams.eu\/wp-content\/uploads\/2019\/01\/DSC_3185-2-1.jpg' alt='b1 DE'><\/span><span class='carousel_image_overlay'><\/span><\/a><\/div><\/li><li class='item'><div class=\"carousel_item_holder\"><a class='prettyphoto' href='https:\/\/poolofdreams.eu\/wp-content\/uploads\/2020\/01\/WP_20190408_16_36_59_Pro.jpg' data-rel=\"prettyPhoto[rel-636-340334546]\"><span class='first_image_holder '><img src='https:\/\/poolofdreams.eu\/wp-content\/uploads\/2020\/01\/WP_20190408_16_36_59_Pro.jpg' alt='b2 DE'><\/span><span class='carousel_image_overlay'><\/span><\/a><\/div><\/li><li class='item'><div class=\"carousel_item_holder\"><a class='prettyphoto' href='https:\/\/poolofdreams.eu\/wp-content\/uploads\/2019\/01\/basen-5.jpg' data-rel=\"prettyPhoto[rel-636-340334546]\"><span class='first_image_holder '><img src='https:\/\/poolofdreams.eu\/wp-content\/uploads\/2019\/01\/basen-5.jpg' alt='b3 DE'><\/span><span class='carousel_image_overlay'><\/span><\/a><\/div><\/li><li class='item'><div class=\"carousel_item_holder\"><a class='prettyphoto' href='https:\/\/poolofdreams.eu\/wp-content\/uploads\/2020\/01\/IMG-20190922-WA0001.jpg' data-rel=\"prettyPhoto[rel-636-340334546]\"><span class='first_image_holder '><img src='https:\/\/poolofdreams.eu\/wp-content\/uploads\/2020\/01\/IMG-20190922-WA0001.jpg' alt='b4 DE'><\/span><span class='carousel_image_overlay'><\/span><\/a><\/div><\/li><li class='item'><div class=\"carousel_item_holder\"><a class='prettyphoto' href='https:\/\/poolofdreams.eu\/wp-content\/uploads\/2019\/01\/basen-6.jpg' data-rel=\"prettyPhoto[rel-636-340334546]\"><span class='first_image_holder '><img src='https:\/\/poolofdreams.eu\/wp-content\/uploads\/2019\/01\/basen-6.jpg' alt='b5 DE'><\/span><span class='carousel_image_overlay'><\/span><\/a><\/div><\/li><li class='item'><div class=\"carousel_item_holder\"><a class='prettyphoto' href='https:\/\/poolofdreams.eu\/wp-content\/uploads\/2020\/01\/wanna.jpg' data-rel=\"prettyPhoto[rel-636-340334546]\"><span class='first_image_holder '><img src='https:\/\/poolofdreams.eu\/wp-content\/uploads\/2020\/01\/wanna.jpg' alt='b6 DE'><\/span><span class='carousel_image_overlay'><\/span><\/a><\/div><\/li><\/ul><\/div><\/div>[\/vc_column][\/vc_row][vc_row row_type=&#8221;row&#8221; use_row_as_full_screen_section=&#8221;no&#8221; type=&#8221;full_width&#8221; text_align=&#8221;left&#8221; background_animation=&#8221;none&#8221; css_animation=&#8221;&#8221;][vc_column][vc_empty_space][\/vc_column][\/vc_row][vc_row row_type=&#8221;row&#8221; use_row_as_full_screen_section=&#8221;no&#8221; type=&#8221;full_width&#8221; text_align=&#8221;left&#8221; background_color=&#8221;#f3f3f3&#8243; background_animation=&#8221;none&#8221; css_animation=&#8221;&#8221; css=&#8221;.vc_custom_1456931193280{padding-top: 115px !important;padding-bottom: 115px !important;}&#8221;][vc_column]<div class='qode_carousels_holder clearfix hover_second_image'><div class='qode_carousels ' data-number_of_items = 5><ul class='slides'><li class='item'><div class=\"carousel_item_holder\"><span class='first_image_holder has_hover_image'><img src='https:\/\/poolofdreams.eu\/wp-content\/uploads\/2019\/04\/Client-H1-2.png' alt='1 DE'><\/span><span class='second_image_holder has_hover_image'><img src='https:\/\/poolofdreams.eu\/wp-content\/uploads\/2019\/04\/Client-H1.png' alt='1 DE'><\/span><\/div><\/li><li class='item'><div class=\"carousel_item_holder\"><span class='first_image_holder has_hover_image'><img src='https:\/\/poolofdreams.eu\/wp-content\/uploads\/2019\/04\/Client-H2-2.png' alt='2 DE'><\/span><span class='second_image_holder has_hover_image'><img src='https:\/\/poolofdreams.eu\/wp-content\/uploads\/2019\/04\/Client-H2.png' alt='2 DE'><\/span><\/div><\/li><li class='item'><div class=\"carousel_item_holder\"><span class='first_image_holder has_hover_image'><img src='https:\/\/poolofdreams.eu\/wp-content\/uploads\/2019\/04\/Client-H3-2.png' alt='3 DE'><\/span><span class='second_image_holder has_hover_image'><img src='https:\/\/poolofdreams.eu\/wp-content\/uploads\/2019\/04\/Client-H3.png' alt='3 DE'><\/span><\/div><\/li><li class='item'><div class=\"carousel_item_holder\"><span class='first_image_holder has_hover_image'><img src='https:\/\/poolofdreams.eu\/wp-content\/uploads\/2019\/04\/Client-H4-2.png' alt='4 DE'><\/span><span class='second_image_holder has_hover_image'><img src='https:\/\/poolofdreams.eu\/wp-content\/uploads\/2019\/04\/Client-H4.png' alt='4 DE'><\/span><\/div><\/li><li class='item'><div class=\"carousel_item_holder\"><span class='first_image_holder has_hover_image'><img src='https:\/\/poolofdreams.eu\/wp-content\/uploads\/2019\/04\/Client-H5-2.png' alt='5 DE'><\/span><span class='second_image_holder has_hover_image'><img src='https:\/\/poolofdreams.eu\/wp-content\/uploads\/2019\/04\/Client-H5.png' alt='5 DE'><\/span><\/div><\/li><li class='item'><div class=\"carousel_item_holder\"><span class='first_image_holder has_hover_image'><img src='https:\/\/poolofdreams.eu\/wp-content\/uploads\/2019\/04\/Client-H6-2.png' alt='6 DE'><\/span><span class='second_image_holder has_hover_image'><img src='https:\/\/poolofdreams.eu\/wp-content\/uploads\/2019\/04\/Client-H6.png' alt='6 DE'><\/span><\/div><\/li><\/ul><\/div><\/div>[\/vc_column][\/vc_row]<\/p>\n","protected":false},"excerpt":{"rendered":"<p>[vc_row row_type=&#8221;row&#8221; use_row_as_full_screen_section=&#8221;no&#8221; type=&#8221;grid&#8221; text_align=&#8221;center&#8221; background_animation=&#8221;none&#8221; css_animation=&#8221;&#8221; css=&#8221;.vc_custom_1550137148152{padding-top: 116px !important;padding-bottom: 72px !important;}&#8221;][vc_column offset=&#8221;vc_col-lg-4 vc_col-md-4&#8243; css=&#8221;.vc_custom_1550137090033{padding-right: 20px !important;padding-left: 20px !important;}&#8221;][vc_column_text] 3 Poolarten [\/vc_column_text][vc_empty_space height=&#8221;16px&#8221;][vc_column_text]Ein Swimmingpool ist der ideale Platz um aktiv und zugleich entspannend seine Freizeit zu verbringen. Der Vorteil unserer Pools ist deren sichere Konstruktion&#8230;<\/p>\n","protected":false},"author":1,"featured_media":0,"parent":0,"menu_order":0,"comment_status":"closed","ping_status":"closed","template":"full_width.php","meta":[],"aioseo_notices":[],"_links":{"self":[{"href":"https:\/\/poolofdreams.eu\/de\/wp-json\/wp\/v2\/pages\/636"}],"collection":[{"href":"https:\/\/poolofdreams.eu\/de\/wp-json\/wp\/v2\/pages"}],"about":[{"href":"https:\/\/poolofdreams.eu\/de\/wp-json\/wp\/v2\/types\/page"}],"author":[{"embeddable":true,"href":"https:\/\/poolofdreams.eu\/de\/wp-json\/wp\/v2\/users\/1"}],"replies":[{"embeddable":true,"href":"https:\/\/poolofdreams.eu\/de\/wp-json\/wp\/v2\/comments?post=636"}],"version-history":[{"count":24,"href":"https:\/\/poolofdreams.eu\/de\/wp-json\/wp\/v2\/pages\/636\/revisions"}],"predecessor-version":[{"id":864,"href":"https:\/\/poolofdreams.eu\/de\/wp-json\/wp\/v2\/pages\/636\/revisions\/864"}],"wp:attachment":[{"href":"https:\/\/poolofdreams.eu\/de\/wp-json\/wp\/v2\/media?parent=636"}],"curies":[{"name":"wp","href":"https:\/\/api.w.org\/{rel}","templated":true}]}}