{"id":640,"date":"2016-03-03T09:09:46","date_gmt":"2016-03-03T09:09:46","guid":{"rendered":"https:\/\/poolofdreams.eu\/de\/zadaszenia\/"},"modified":"2023-04-20T11:44:56","modified_gmt":"2023-04-20T09:44:56","slug":"ueberdachungen","status":"publish","type":"page","link":"https:\/\/poolofdreams.eu\/de\/ueberdachungen\/","title":{"rendered":"\u00dcberdachungen"},"content":{"rendered":"<p>[vc_row row_type=&#8221;row&#8221; use_row_as_full_screen_section=&#8221;no&#8221; type=&#8221;grid&#8221; text_align=&#8221;center&#8221; background_animation=&#8221;none&#8221; css_animation=&#8221;&#8221; css=&#8221;.vc_custom_1457017847974{padding-top: 78px !important;padding-bottom: 47px !important;}&#8221;][vc_column offset=&#8221;vc_col-md-4&#8243;][vc_row_inner row_type=&#8221;row&#8221; type=&#8221;full_width&#8221; use_row_as_full_screen_section_slide=&#8221;no&#8221; text_align=&#8221;center&#8221; css_animation=&#8221;element_from_bottom&#8221; transition_delay=&#8221;0&#8243;][vc_column_inner][vc_single_image image=&#8221;809&#8243; img_size=&#8221;full&#8221; alignment=&#8221;center&#8221; qode_css_animation=&#8221;&#8221;][vc_empty_space height=&#8221;50px&#8221;][vc_column_text]<\/p>\n<h2>Qualit\u00e4t<\/h2>\n<p>[\/vc_column_text][vc_empty_space height=&#8221;26px&#8221;][vc_column_text]<\/p>\n<ul>\n<li style=\"text-align: left;\"><strong>H\u00f6che: 850 mm<\/strong><\/li>\n<li style=\"text-align: left;\">Polycarbonat Fertigung<\/li>\n<li style=\"text-align: left;\"><strong>sehr verstr\u00e4rkt<\/strong><\/li>\n<li style=\"text-align: left;\">abgerundete Aluminium Profile<\/li>\n<\/ul>\n<p>[\/vc_column_text][\/vc_column_inner][\/vc_row_inner][vc_empty_space height=&#8221;40px&#8221;][\/vc_column][vc_column offset=&#8221;vc_col-md-4&#8243;][vc_row_inner row_type=&#8221;row&#8221; type=&#8221;full_width&#8221; use_row_as_full_screen_section_slide=&#8221;no&#8221; text_align=&#8221;center&#8221; css_animation=&#8221;element_from_bottom&#8221; transition_delay=&#8221;150&#8243;][vc_column_inner][vc_single_image image=&#8221;808&#8243; img_size=&#8221;full&#8221; alignment=&#8221;center&#8221; qode_css_animation=&#8221;&#8221;][vc_empty_space height=&#8221;50px&#8221;][vc_column_text]<\/p>\n<h2>Solidit\u00e4t<\/h2>\n<p>[\/vc_column_text][vc_empty_space height=&#8221;26px&#8221;][vc_column_text]<\/p>\n<ul>\n<li style=\"text-align: left;\"><strong>bequeme, sehr niedrige Schienen<\/strong><\/li>\n<li style=\"text-align: left;\">die \u00dcberdachung kann neben den Pool verschoben werden<\/li>\n<li style=\"text-align: left;\"><strong><strong>Schiebet\u00fcr an der Seite<\/strong> \u2013 links oder rechts \u2013 erm\u00f6glicht den Eintritt und das Schwimmen unter der \u00dcberdachung<\/strong><\/li>\n<li style=\"text-align: left;\">Absperrm\u00f6glichkeit der T\u00fcr f\u00fcr noch h\u00f6chere Sicherheit<\/li>\n<li style=\"text-align: left;\">Sperrm\u00f6glichkeit der einzellnen Elemente<\/li>\n<li style=\"text-align: left;\"><strong>feste Konstruktion<\/strong><\/li>\n<\/ul>\n<p>[\/vc_column_text][\/vc_column_inner][\/vc_row_inner][vc_empty_space height=&#8221;40px&#8221;][\/vc_column][vc_column offset=&#8221;vc_col-md-4&#8243;][vc_row_inner row_type=&#8221;row&#8221; type=&#8221;full_width&#8221; use_row_as_full_screen_section_slide=&#8221;no&#8221; text_align=&#8221;center&#8221; css_animation=&#8221;element_from_bottom&#8221; transition_delay=&#8221;300&#8243;][vc_column_inner][vc_single_image image=&#8221;812&#8243; img_size=&#8221;full&#8221; alignment=&#8221;center&#8221; qode_css_animation=&#8221;&#8221;][vc_empty_space height=&#8221;50px&#8221;][vc_column_text]<\/p>\n<h2>Sicherheit<\/h2>\n<p>[\/vc_column_text][vc_empty_space height=&#8221;26px&#8221;][vc_column_text]<\/p>\n<ul>\n<li style=\"text-align: left;\"><strong>einfache Montage f\u00fcr die selbsst\u00e4ndige Aufstellung<\/strong><\/li>\n<li style=\"text-align: left;\"><strong>franz\u00f6sisches LNE-Sicherheitszertifikat<\/strong><\/li>\n<\/ul>\n<p>[\/vc_column_text][\/vc_column_inner][\/vc_row_inner][vc_empty_space height=&#8221;40px&#8221;][\/vc_column][\/vc_row][vc_row row_type=&#8221;row&#8221; use_row_as_full_screen_section=&#8221;no&#8221; type=&#8221;grid&#8221; text_align=&#8221;center&#8221; background_color=&#8221;#e4e4e4&#8243; background_animation=&#8221;none&#8221; css_animation=&#8221;&#8221; css=&#8221;.vc_custom_1550135836372{padding-top: 72px !important;padding-bottom: 94px !important;}&#8221;][vc_column][vc_column_text]<\/p>\n<h2>W\u00e4hle aus unserem Pool\u00fcberdachungs-Angebot aus<\/h2>\n<p>[\/vc_column_text][vc_empty_space height=&#8221;70&#8243;][vc_column_text css=&#8221;.vc_custom_1555587988608{padding-right: 10% !important;padding-left: 10% !important;}&#8221;]Die pr\u00e4sentierten \u00dcberdachungen werden von Technikern,<br \/>\ndie die Bed\u00fcrfnise der Endbenutzer verstehen, bearbeitet.[\/vc_column_text][\/vc_column][\/vc_row][vc_row row_type=&#8221;row&#8221; use_row_as_full_screen_section=&#8221;no&#8221; type=&#8221;grid&#8221; text_align=&#8221;left&#8221; background_animation=&#8221;none&#8221; css_animation=&#8221;&#8221; css=&#8221;.vc_custom_1550134925063{padding-top: 5% !important;padding-bottom: 5% !important;}&#8221;][vc_column width=&#8221;1\/2&#8243; css=&#8221;.vc_custom_1550060002466{padding-top: 20px !important;padding-bottom: 20px !important;}&#8221;][vc_column_text css=&#8221;.vc_custom_1681983672911{margin-bottom: 45px !important;}&#8221;]<\/p>\n<h2 style=\"text-align: center;\">\u00dcBERDACHUNG ELEGANCE BOX 750<\/h2>\n<p style=\"text-align: center;\">(Plexi Glass 4\u00a0mm)<\/p>\n<p>[\/vc_column_text][vc_single_image image=&#8221;816&#8243; img_size=&#8221;full&#8221; qode_css_animation=&#8221;&#8221;][vc_single_image image=&#8221;823&#8243; img_size=&#8221;full&#8221; onclick=&#8221;link_image&#8221; qode_css_animation=&#8221;&#8221;][\/vc_column][vc_column width=&#8221;1\/2&#8243; css=&#8221;.vc_custom_1550060010692{padding-top: 20px !important;padding-bottom: 20px !important;}&#8221;][vc_column_text css=&#8221;.vc_custom_1681983691392{margin-bottom: 45px !important;}&#8221;]<\/p>\n<h2 style=\"text-align: center;\">\u00dcBERDACHUNG ELEGANCE BOX 650<\/h2>\n<p style=\"text-align: center;\">(Plexi Glass 4\u00a0mm)<\/p>\n<p>[\/vc_column_text][vc_single_image image=&#8221;818&#8243; img_size=&#8221;full&#8221; qode_css_animation=&#8221;&#8221;][vc_single_image image=&#8221;821&#8243; img_size=&#8221;full&#8221; onclick=&#8221;link_image&#8221; qode_css_animation=&#8221;&#8221;][\/vc_column][\/vc_row][vc_row row_type=&#8221;row&#8221; use_row_as_full_screen_section=&#8221;no&#8221; type=&#8221;full_width&#8221; text_align=&#8221;left&#8221; background_animation=&#8221;none&#8221; css_animation=&#8221;&#8221;][vc_column][vc_column_text]<\/p>\n<h2 style=\"text-align: center;\">Verf\u00fcgbare Gr\u00f6\u00dfen<\/h2>\n<p>[\/vc_column_text][vc_empty_space height=&#8221;50&#8243;][\/vc_column][\/vc_row][vc_row row_type=&#8221;row&#8221; use_row_as_full_screen_section=&#8221;no&#8221; type=&#8221;grid&#8221; text_align=&#8221;left&#8221; background_animation=&#8221;none&#8221; css_animation=&#8221;&#8221; css=&#8221;.vc_custom_1551856254229{padding-bottom: 5% !important;}&#8221;][vc_column width=&#8221;1\/2&#8243; css=&#8221;.vc_custom_1550059818198{padding-top: 20px !important;padding-bottom: 20px !important;}&#8221;][qode_pricing_tables columns=&#8221;two_columns&#8221;][qode_pricing_table title=&#8221;Elegance Box 750&#8243; price_font_weight=&#8221;&#8221; target=&#8221;_self&#8221; active=&#8221;no&#8221; price=&#8221;bez cen&#8221; button_text=&#8221;Fordern Sie ein Angebot an&#8221; link=&#8221;#&#8221; title_background_color=&#8221;#1b5db5&#8243; button_background_color=&#8221;#26b6ff&#8221; currency=&#8221;PLN.&#8221; price_period=&#8221;brutto&#8221;]<\/p>\n<ul>\n<li>7.60 x\u00a04.53 x\u00a00.85 m<\/li>\n<li><strong>f\u00fcr Poolauflage 7.00 x\u00a03.00 x\u00a01.50 m<\/strong><\/li>\n<li>Polycarbonatfertigung<\/li>\n<li><strong>gest\u00e4rkte Aluminiumprofile<\/strong><\/li>\n<li><strong>bequeme, niedrige Schienen<\/strong><\/li>\n<\/ul>\n<p>[\/qode_pricing_table][\/qode_pricing_tables][\/vc_column][vc_column width=&#8221;1\/2&#8243; css=&#8221;.vc_custom_1550059822739{padding-top: 20px !important;padding-bottom: 20px !important;}&#8221;][qode_pricing_tables columns=&#8221;two_columns&#8221;][qode_pricing_table title=&#8221;Elegance Box 650&#8243; price_font_weight=&#8221;&#8221; target=&#8221;_self&#8221; active=&#8221;no&#8221; price=&#8221;bez cen&#8221; button_text=&#8221;Fordern Sie ein Angebot an&#8221; link=&#8221;#&#8221; title_background_color=&#8221;#1b5db5&#8243; button_background_color=&#8221;#26b6ff&#8221; currency=&#8221;PLN.&#8221; price_period=&#8221;brutto&#8221;]<\/p>\n<ul>\n<li>6.60 x\u00a04.14 x\u00a00.85 m<\/li>\n<li><strong>f\u00fcr Poolauflage 6.10 x\u00a03.00 x\u00a01.50 m<\/strong><\/li>\n<li>Polycarbonatfertigung<\/li>\n<li>gest\u00e4rkte Aluminiumprofile<\/li>\n<li><strong>bequeme, niedrige Schienen<\/strong><\/li>\n<\/ul>\n<p>[\/qode_pricing_table][\/qode_pricing_tables][\/vc_column][\/vc_row][vc_row row_type=&#8221;row&#8221; use_row_as_full_screen_section=&#8221;no&#8221; type=&#8221;full_width&#8221; text_align=&#8221;left&#8221; background_animation=&#8221;none&#8221; css_animation=&#8221;&#8221;][vc_column][vc_column_text]<\/p>\n<p>[\/vc_column_text][\/vc_column][\/vc_row]<\/p>\n","protected":false},"excerpt":{"rendered":"<p>[vc_row row_type=&#8221;row&#8221; use_row_as_full_screen_section=&#8221;no&#8221; type=&#8221;grid&#8221; text_align=&#8221;center&#8221; background_animation=&#8221;none&#8221; css_animation=&#8221;&#8221; css=&#8221;.vc_custom_1457017847974{padding-top: 78px !important;padding-bottom: 47px !important;}&#8221;][vc_column offset=&#8221;vc_col-md-4&#8243;][vc_row_inner row_type=&#8221;row&#8221; type=&#8221;full_width&#8221; use_row_as_full_screen_section_slide=&#8221;no&#8221; text_align=&#8221;center&#8221; css_animation=&#8221;element_from_bottom&#8221; transition_delay=&#8221;0&#8243;][vc_column_inner][vc_single_image image=&#8221;809&#8243; img_size=&#8221;full&#8221; alignment=&#8221;center&#8221; qode_css_animation=&#8221;&#8221;][vc_empty_space height=&#8221;50px&#8221;][vc_column_text] Qualit\u00e4t [\/vc_column_text][vc_empty_space height=&#8221;26px&#8221;][vc_column_text] H\u00f6che: 850 mm Polycarbonat Fertigung sehr verstr\u00e4rkt abgerundete Aluminium Profile [\/vc_column_text][\/vc_column_inner][\/vc_row_inner][vc_empty_space height=&#8221;40px&#8221;][\/vc_column][vc_column offset=&#8221;vc_col-md-4&#8243;][vc_row_inner row_type=&#8221;row&#8221; type=&#8221;full_width&#8221; use_row_as_full_screen_section_slide=&#8221;no&#8221; text_align=&#8221;center&#8221; css_animation=&#8221;element_from_bottom&#8221;&#8230;<\/p>\n","protected":false},"author":1,"featured_media":0,"parent":0,"menu_order":0,"comment_status":"closed","ping_status":"closed","template":"full_width.php","meta":[],"aioseo_notices":[],"_links":{"self":[{"href":"https:\/\/poolofdreams.eu\/de\/wp-json\/wp\/v2\/pages\/640"}],"collection":[{"href":"https:\/\/poolofdreams.eu\/de\/wp-json\/wp\/v2\/pages"}],"about":[{"href":"https:\/\/poolofdreams.eu\/de\/wp-json\/wp\/v2\/types\/page"}],"author":[{"embeddable":true,"href":"https:\/\/poolofdreams.eu\/de\/wp-json\/wp\/v2\/users\/1"}],"replies":[{"embeddable":true,"href":"https:\/\/poolofdreams.eu\/de\/wp-json\/wp\/v2\/comments?post=640"}],"version-history":[{"count":19,"href":"https:\/\/poolofdreams.eu\/de\/wp-json\/wp\/v2\/pages\/640\/revisions"}],"predecessor-version":[{"id":832,"href":"https:\/\/poolofdreams.eu\/de\/wp-json\/wp\/v2\/pages\/640\/revisions\/832"}],"wp:attachment":[{"href":"https:\/\/poolofdreams.eu\/de\/wp-json\/wp\/v2\/media?parent=640"}],"curies":[{"name":"wp","href":"https:\/\/api.w.org\/{rel}","templated":true}]}}