{"id":648,"date":"2016-03-02T15:32:48","date_gmt":"2016-03-02T15:32:48","guid":{"rendered":"https:\/\/poolofdreams.eu\/de\/o-nas\/"},"modified":"2019-04-19T10:54:18","modified_gmt":"2019-04-19T08:54:18","slug":"impressum","status":"publish","type":"page","link":"https:\/\/poolofdreams.eu\/de\/impressum\/","title":{"rendered":"Impressum"},"content":{"rendered":"<p>[vc_row row_type=&#8221;row&#8221; use_row_as_full_screen_section=&#8221;no&#8221; type=&#8221;grid&#8221; text_align=&#8221;left&#8221; background_animation=&#8221;none&#8221; css_animation=&#8221;&#8221; css=&#8221;.vc_custom_1456934470471{padding-top: 90px !important;padding-bottom: 90px !important;}&#8221;][vc_column offset=&#8221;vc_col-lg-6 vc_col-md-6&#8243;][vc_single_image image=&#8221;421&#8243; img_size=&#8221;full&#8221; alignment=&#8221;center&#8221; qode_css_animation=&#8221;element_from_left&#8221;][\/vc_column][vc_column offset=&#8221;vc_col-lg-6 vc_col-md-6&#8243;][qode_elements_holder number_of_columns=&#8221;one_column&#8221;][qode_elements_holder_item item_padding=&#8221;0% 3% 10% 4%&#8221; item_padding_1280_1600=&#8221;0% 3% 10% 4%&#8221; item_padding_1024_1280=&#8221;0% 3% 10% 4%&#8221; item_padding_768_1024=&#8221;5% 3%&#8221; item_padding_600_768=&#8221;7% 0&#8243; item_padding_480_600=&#8221;10% 0&#8243; item_padding_480=&#8221;10% 0&#8243;][vc_column_text]<\/p>\n<h2>\u00dcber uns<\/h2>\n<p>[\/vc_column_text][vc_empty_space height=&#8221;22px&#8221;][vc_column_text]Unser Unternehmen ist eine gro\u00dfe Familie. Wir sind nicht nur ein Familienunternehmen, das in der Schwimmbadbranche t\u00e4tig ist \u2013 oberndrein ist die Mehrheit der Mitarbeiter vom ersten Tag an dabei. Diese Art von Engagement bedeutet, dass unsere Mitarbeiter nicht nur Menschen sind, die ihre Aufgaben erf\u00fcllen. Sie sind eine Erweiterung unseres gro\u00dfartingen Familienteams und angesehene Mitglieder unserer Organisation.<\/p>\n<p>Unsere langj\u00e4hrige Erfahrung in der Schwimmbadbranche hat es uns erm\u00f6glicht, alle Auftr\u00e4ge nach den W\u00fcnschen unserer Kunden problemlos und termingerecht auszuf\u00fchren.<\/p>\n<p>Diese Erfahrung erm\u00f6glicht es uns, unseren Kunden Produkte von h\u00f6chster Qualit\u00e4t, zugeschnitten auf ihre individuellen Bed\u00fcrfnisse, anzubieten.[\/vc_column_text][\/qode_elements_holder_item][\/qode_elements_holder][\/vc_column][\/vc_row][vc_row row_type=&#8221;row&#8221; use_row_as_full_screen_section=&#8221;no&#8221; type=&#8221;grid&#8221; text_align=&#8221;left&#8221; background_color=&#8221;#f6f6f6&#8243; background_animation=&#8221;none&#8221; css_animation=&#8221;&#8221; css=&#8221;.vc_custom_1456934336185{padding-top: 90px !important;padding-bottom: 90px !important;}&#8221;][vc_column offset=&#8221;vc_col-lg-6 vc_col-md-6&#8243;][qode_elements_holder number_of_columns=&#8221;one_column&#8221;][qode_elements_holder_item item_padding=&#8221;12% 4% 10% 0&#8243; item_padding_1280_1600=&#8221;12% 3% 10% 0&#8243; item_padding_1024_1280=&#8221;12% 3% 10% 0&#8243; item_padding_768_1024=&#8221;5% 3%&#8221; item_padding_600_768=&#8221;7% 0&#8243; item_padding_480_600=&#8221;10% 0&#8243; item_padding_480=&#8221;10% 0&#8243;][vc_column_text]<\/p>\n<h2>Was machen wir?<\/h2>\n<p>[\/vc_column_text][vc_empty_space height=&#8221;22px&#8221;][vc_column_text]Pool of Dreams bietet Schwimmb\u00e4der h\u00f6chster Qualit\u00e4t, Poolchemie und Service. Professionelle und kompetente Mitarbeiter helfen Ihnen bei der Auswahl der richtigen Produkte und geben Antworten auf jede Frage. Unsere Dienstleistungen umfassen die Lieferung und Installation (oder die komplette Montage) des bestellten Pools und den Kundenservice.[\/vc_column_text][\/qode_elements_holder_item][\/qode_elements_holder][\/vc_column][vc_column offset=&#8221;vc_col-lg-6 vc_col-md-6&#8243;][vc_single_image image=&#8221;423&#8243; img_size=&#8221;full&#8221; alignment=&#8221;center&#8221; qode_css_animation=&#8221;element_from_right&#8221;][\/vc_column][\/vc_row][vc_row row_type=&#8221;row&#8221; use_row_as_full_screen_section=&#8221;no&#8221; type=&#8221;grid&#8221; text_align=&#8221;left&#8221; background_animation=&#8221;none&#8221; css_animation=&#8221;&#8221; css=&#8221;.vc_custom_1456934475865{padding-top: 90px !important;padding-bottom: 90px !important;}&#8221;][vc_column offset=&#8221;vc_col-lg-6 vc_col-md-6&#8243;][vc_single_image image=&#8221;425&#8243; img_size=&#8221;full&#8221; alignment=&#8221;center&#8221; qode_css_animation=&#8221;element_from_left&#8221;][\/vc_column][vc_column offset=&#8221;vc_col-lg-6 vc_col-md-6&#8243;][qode_elements_holder number_of_columns=&#8221;one_column&#8221;][qode_elements_holder_item item_padding=&#8221;0% 3% 10% 4%&#8221; item_padding_1280_1600=&#8221;0% 3% 10% 4%&#8221; item_padding_1024_1280=&#8221;0% 3% 10% 4%&#8221; item_padding_768_1024=&#8221;5% 3%&#8221; item_padding_600_768=&#8221;7% 0&#8243; item_padding_480_600=&#8221;10% 0&#8243; item_padding_480=&#8221;10% 0&#8243;][vc_column_text]<\/p>\n<h2>Unsere Mission<\/h2>\n<p>[\/vc_column_text][vc_empty_space height=&#8221;22px&#8221;][vc_column_text]Unser Engagement endet nicht nur mit der Produktion und dem Verkauf von Schwimmb\u00e4dern. Wir glauben, dass es ebenso wichtig ist, st\u00e4ndigen Service und Support zu bieten \u2013 und dass die beste Werbung ein zufriedener Kunde ist. Wir nehmen regelm\u00e4\u00dfig an Schulungen teil, um unser Wissen und unsere Erfahrung zu verbessern.<\/p>\n<p>Unser Erfolg basiert auf der Verpflichtung zur Qualit\u00e4t, einem hochqualifizierten und motivierten Team von Spezialisten und ma\u00dfgeschneiderten L\u00f6sungen f\u00fcr unsere Kunden. Ein moderner Fertigungsprozess erm\u00f6glicht es uns, die besten L\u00f6sungen und Technologien zu implementieren.<\/p>\n<p>Wir bieten ein einzigartiges Preis-Leistungs-Verh\u00e4ltnis und eine lange Lebensdauer und Haltbarkeit von Schwimmb\u00e4dern.<\/p>\n<p><strong>Wir freuen uns auf die Zusammenarbeit mit Ihnen.<\/strong>[\/vc_column_text][\/qode_elements_holder_item][\/qode_elements_holder][\/vc_column][\/vc_row]<\/p>\n","protected":false},"excerpt":{"rendered":"<p>[vc_row row_type=&#8221;row&#8221; use_row_as_full_screen_section=&#8221;no&#8221; type=&#8221;grid&#8221; text_align=&#8221;left&#8221; background_animation=&#8221;none&#8221; css_animation=&#8221;&#8221; css=&#8221;.vc_custom_1456934470471{padding-top: 90px !important;padding-bottom: 90px !important;}&#8221;][vc_column offset=&#8221;vc_col-lg-6 vc_col-md-6&#8243;][vc_single_image image=&#8221;421&#8243; img_size=&#8221;full&#8221; alignment=&#8221;center&#8221; qode_css_animation=&#8221;element_from_left&#8221;][\/vc_column][vc_column offset=&#8221;vc_col-lg-6 vc_col-md-6&#8243;][qode_elements_holder number_of_columns=&#8221;one_column&#8221;][qode_elements_holder_item item_padding=&#8221;0% 3% 10% 4%&#8221; item_padding_1280_1600=&#8221;0% 3% 10% 4%&#8221; item_padding_1024_1280=&#8221;0% 3% 10% 4%&#8221; item_padding_768_1024=&#8221;5% 3%&#8221; item_padding_600_768=&#8221;7% 0&#8243; item_padding_480_600=&#8221;10% 0&#8243; item_padding_480=&#8221;10% 0&#8243;][vc_column_text] \u00dcber uns [\/vc_column_text][vc_empty_space height=&#8221;22px&#8221;][vc_column_text]Unser&#8230;<\/p>\n","protected":false},"author":1,"featured_media":0,"parent":0,"menu_order":0,"comment_status":"closed","ping_status":"closed","template":"full_width.php","meta":[],"aioseo_notices":[],"_links":{"self":[{"href":"https:\/\/poolofdreams.eu\/de\/wp-json\/wp\/v2\/pages\/648"}],"collection":[{"href":"https:\/\/poolofdreams.eu\/de\/wp-json\/wp\/v2\/pages"}],"about":[{"href":"https:\/\/poolofdreams.eu\/de\/wp-json\/wp\/v2\/types\/page"}],"author":[{"embeddable":true,"href":"https:\/\/poolofdreams.eu\/de\/wp-json\/wp\/v2\/users\/1"}],"replies":[{"embeddable":true,"href":"https:\/\/poolofdreams.eu\/de\/wp-json\/wp\/v2\/comments?post=648"}],"version-history":[{"count":4,"href":"https:\/\/poolofdreams.eu\/de\/wp-json\/wp\/v2\/pages\/648\/revisions"}],"predecessor-version":[{"id":678,"href":"https:\/\/poolofdreams.eu\/de\/wp-json\/wp\/v2\/pages\/648\/revisions\/678"}],"wp:attachment":[{"href":"https:\/\/poolofdreams.eu\/de\/wp-json\/wp\/v2\/media?parent=648"}],"curies":[{"name":"wp","href":"https:\/\/api.w.org\/{rel}","templated":true}]}}